{"id":3291,"date":"2025-07-02T17:11:25","date_gmt":"2025-07-02T17:11:25","guid":{"rendered":"https:\/\/asmetalas.com.tr\/qualified-steel\/ground-miller\/"},"modified":"2025-07-22T22:02:10","modified_gmt":"2025-07-22T22:02:10","slug":"ground-miller","status":"publish","type":"page","link":"https:\/\/asmetalas.com.tr\/en\/qualified-steel\/ground-miller\/","title":{"rendered":"Ground Miller"},"content":{"rendered":"<div class=\"fusion-fullwidth fullwidth-box fusion-builder-row-1 fusion-flex-container has-pattern-background has-mask-background nonhundred-percent-fullwidth non-hundred-percent-height-scrolling\" style=\"--awb-border-radius-top-left:0px;--awb-border-radius-top-right:0px;--awb-border-radius-bottom-right:0px;--awb-border-radius-bottom-left:0px;--awb-padding-top:100px;--awb-padding-bottom:100px;--awb-flex-wrap:wrap;\" ><div class=\"fusion-builder-row fusion-row fusion-flex-align-items-flex-start fusion-flex-content-wrap\" style=\"max-width:1248px;margin-left: calc(-4% \/ 2 );margin-right: calc(-4% \/ 2 );\"><div class=\"fusion-layout-column fusion_builder_column fusion-builder-column-0 fusion_builder_column_1_5 1_5 fusion-flex-column fusion-flex-align-self-stretch fusion-animated\" style=\"--awb-padding-top:16px;--awb-padding-right:20px;--awb-bg-color:var(--awb-color4);--awb-bg-color-hover:var(--awb-color4);--awb-bg-size:cover;--awb-width-large:20%;--awb-margin-top-large:0px;--awb-spacing-right-large:0%;--awb-margin-bottom-large:0px;--awb-spacing-left-large:0%;--awb-width-medium:20%;--awb-order-medium:0;--awb-spacing-right-medium:0%;--awb-spacing-left-medium:0%;--awb-width-small:100%;--awb-order-small:0;--awb-spacing-right-small:1.92%;--awb-spacing-left-small:1.92%;\" data-animationType=\"fadeInDown\" data-animationDuration=\"1.0\" data-animationDelay=\"1.5\" data-animationOffset=\"top-into-view\"><div class=\"fusion-column-wrapper fusion-column-has-shadow fusion-flex-justify-content-center fusion-content-layout-column\"><nav class=\"awb-menu awb-menu_column awb-menu_em-hover mobile-mode-collapse-to-button awb-menu_icons-left awb-menu_dc-yes mobile-trigger-fullwidth-off awb-menu_mobile-toggle awb-menu_indent-left mobile-size-full-absolute loading mega-menu-loading awb-menu_desktop awb-menu_dropdown awb-menu_expand-right awb-menu_transition-fade fusion-no-small-visibility\" style=\"--awb-font-size:15px;--awb-line-height:1.5;--awb-text-transform:uppercase;--awb-border-radius-top-left:5px;--awb-color:var(--awb-color1);--awb-active-color:var(--awb-color1);--awb-icons-size:28;--awb-icons-color:var(--awb-color1);--awb-main-justify-content:flex-start;--awb-mobile-justify:flex-start;--awb-mobile-caret-left:auto;--awb-mobile-caret-right:0;--awb-fusion-font-family-typography:-apple-system, BlinkMacSystemFont, &#039;Segoe UI&#039;, Roboto, Oxygen-Sans, Ubuntu, Cantarell, &#039;Helvetica Neue&#039; ,sans-serif;--awb-fusion-font-style-typography:normal;--awb-fusion-font-weight-typography:700;--awb-fusion-font-family-submenu-typography:inherit;--awb-fusion-font-style-submenu-typography:normal;--awb-fusion-font-weight-submenu-typography:400;--awb-fusion-font-family-mobile-typography:inherit;--awb-fusion-font-style-mobile-typography:normal;--awb-fusion-font-weight-mobile-typography:400;\" aria-label=\"Vas\u0131fl\u0131 \u00c7elik\" data-breakpoint=\"1100\" data-count=\"0\" data-transition-type=\"fade\" data-transition-time=\"300\" data-expand=\"right\"><button type=\"button\" class=\"awb-menu__m-toggle awb-menu__m-toggle_no-text\" aria-expanded=\"false\" aria-controls=\"menu-vasifli-celik\"><span class=\"awb-menu__m-toggle-inner\"><span class=\"collapsed-nav-text\"><span class=\"screen-reader-text\">Toggle Navigation<\/span><\/span><span class=\"awb-menu__m-collapse-icon awb-menu__m-collapse-icon_no-text\"><span class=\"awb-menu__m-collapse-icon-open awb-menu__m-collapse-icon-open_no-text fa-bars fas\"><\/span><span class=\"awb-menu__m-collapse-icon-close awb-menu__m-collapse-icon-close_no-text fa-times fas\"><\/span><\/span><\/span><\/button><ul id=\"menu-vasifli-celik\" class=\"fusion-menu awb-menu__main-ul awb-menu__main-ul_column\"><li  id=\"menu-item-2754\"  class=\"menu-item menu-item-type-post_type menu-item-object-page menu-item-2754 awb-menu__li awb-menu__main-li awb-menu__main-li_regular\"  data-item-id=\"2754\"><span class=\"awb-menu__main-background-default awb-menu__main-background-default_fade\"><\/span><span class=\"awb-menu__main-background-active awb-menu__main-background-active_fade\"><\/span><a  href=\"https:\/\/asmetalas.com.tr\/vasifli-celik\/celik-cekme-borulari\/\" class=\"awb-menu__main-a awb-menu__main-a_regular fusion-flex-link\"><span class=\"awb-menu__i awb-menu__i_main fusion-megamenu-icon\"><i class=\"glyphicon fa-arrow-alt-circle-right fas\" aria-hidden=\"true\"><\/i><\/span><span class=\"menu-text\">Steel Tensile Tubes<\/span><\/a><\/li><li  id=\"menu-item-2763\"  class=\"menu-item menu-item-type-post_type menu-item-object-page menu-item-2763 awb-menu__li awb-menu__main-li awb-menu__main-li_regular\"  data-item-id=\"2763\"><span class=\"awb-menu__main-background-default awb-menu__main-background-default_fade\"><\/span><span class=\"awb-menu__main-background-active awb-menu__main-background-active_fade\"><\/span><a  href=\"https:\/\/asmetalas.com.tr\/vasifli-celik\/transmisyon-miller\/\" class=\"awb-menu__main-a awb-menu__main-a_regular fusion-flex-link\"><span class=\"awb-menu__i awb-menu__i_main fusion-megamenu-icon\"><i class=\"glyphicon fa-arrow-alt-circle-right fas\" aria-hidden=\"true\"><\/i><\/span><span class=\"menu-text\">Transmission Miller<\/span><\/a><\/li><li  id=\"menu-item-2757\"  class=\"menu-item menu-item-type-post_type menu-item-object-page menu-item-2757 awb-menu__li awb-menu__main-li awb-menu__main-li_regular\"  data-item-id=\"2757\"><span class=\"awb-menu__main-background-default awb-menu__main-background-default_fade\"><\/span><span class=\"awb-menu__main-background-active awb-menu__main-background-active_fade\"><\/span><a  href=\"https:\/\/asmetalas.com.tr\/vasifli-celik\/karbon-celikleri\/\" class=\"awb-menu__main-a awb-menu__main-a_regular fusion-flex-link\"><span class=\"awb-menu__i awb-menu__i_main fusion-megamenu-icon\"><i class=\"glyphicon fa-arrow-alt-circle-right fas\" aria-hidden=\"true\"><\/i><\/span><span class=\"menu-text\">Carbon Steels<\/span><\/a><\/li><li  id=\"menu-item-2756\"  class=\"menu-item menu-item-type-post_type menu-item-object-page menu-item-2756 awb-menu__li awb-menu__main-li awb-menu__main-li_regular\"  data-item-id=\"2756\"><span class=\"awb-menu__main-background-default awb-menu__main-background-default_fade\"><\/span><span class=\"awb-menu__main-background-active awb-menu__main-background-active_fade\"><\/span><a  href=\"https:\/\/asmetalas.com.tr\/vasifli-celik\/islahli-celikler\/\" class=\"awb-menu__main-a awb-menu__main-a_regular fusion-flex-link\"><span class=\"awb-menu__i awb-menu__i_main fusion-megamenu-icon\"><i class=\"glyphicon fa-arrow-alt-circle-right fas\" aria-hidden=\"true\"><\/i><\/span><span class=\"menu-text\">Islahli \u00c7elikler<\/span><\/a><\/li><li  id=\"menu-item-2759\"  class=\"menu-item menu-item-type-post_type menu-item-object-page menu-item-2759 awb-menu__li awb-menu__main-li awb-menu__main-li_regular\"  data-item-id=\"2759\"><span class=\"awb-menu__main-background-default awb-menu__main-background-default_fade\"><\/span><span class=\"awb-menu__main-background-active awb-menu__main-background-active_fade\"><\/span><a  href=\"https:\/\/asmetalas.com.tr\/vasifli-celik\/sementasyon-celikleri\/\" class=\"awb-menu__main-a awb-menu__main-a_regular fusion-flex-link\"><span class=\"awb-menu__i awb-menu__i_main fusion-megamenu-icon\"><i class=\"glyphicon fa-arrow-alt-circle-right fas\" aria-hidden=\"true\"><\/i><\/span><span class=\"menu-text\">Carburizing Steels<\/span><\/a><\/li><li  id=\"menu-item-2761\"  class=\"menu-item menu-item-type-post_type menu-item-object-page menu-item-2761 awb-menu__li awb-menu__main-li awb-menu__main-li_regular\"  data-item-id=\"2761\"><span class=\"awb-menu__main-background-default awb-menu__main-background-default_fade\"><\/span><span class=\"awb-menu__main-background-active awb-menu__main-background-active_fade\"><\/span><a  href=\"https:\/\/asmetalas.com.tr\/vasifli-celik\/taslanmis-miller\/\" class=\"awb-menu__main-a awb-menu__main-a_regular fusion-flex-link\"><span class=\"awb-menu__i awb-menu__i_main fusion-megamenu-icon\"><i class=\"glyphicon fa-arrow-alt-circle-right fas\" aria-hidden=\"true\"><\/i><\/span><span class=\"menu-text\">Ground Miller<\/span><\/a><\/li><li  id=\"menu-item-2760\"  class=\"menu-item menu-item-type-post_type menu-item-object-page menu-item-2760 awb-menu__li awb-menu__main-li awb-menu__main-li_regular\"  data-item-id=\"2760\"><span class=\"awb-menu__main-background-default awb-menu__main-background-default_fade\"><\/span><span class=\"awb-menu__main-background-active awb-menu__main-background-active_fade\"><\/span><a  href=\"https:\/\/asmetalas.com.tr\/vasifli-celik\/takim-celikleri\/\" class=\"awb-menu__main-a awb-menu__main-a_regular fusion-flex-link\"><span class=\"awb-menu__i awb-menu__i_main fusion-megamenu-icon\"><i class=\"glyphicon fa-arrow-alt-circle-right fas\" aria-hidden=\"true\"><\/i><\/span><span class=\"menu-text\">Tool Steels<\/span><\/a><\/li><li  id=\"menu-item-2758\"  class=\"menu-item menu-item-type-post_type menu-item-object-page menu-item-2758 awb-menu__li awb-menu__main-li awb-menu__main-li_regular\"  data-item-id=\"2758\"><span class=\"awb-menu__main-background-default awb-menu__main-background-default_fade\"><\/span><span class=\"awb-menu__main-background-active awb-menu__main-background-active_fade\"><\/span><a  href=\"https:\/\/asmetalas.com.tr\/vasifli-celik\/otomat-celikleri\/\" class=\"awb-menu__main-a awb-menu__main-a_regular fusion-flex-link\"><span class=\"awb-menu__i awb-menu__i_main fusion-megamenu-icon\"><i class=\"glyphicon fa-arrow-alt-circle-right fas\" aria-hidden=\"true\"><\/i><\/span><span class=\"menu-text\">Vending Machine Steels<\/span><\/a><\/li><li  id=\"menu-item-2755\"  class=\"menu-item menu-item-type-post_type menu-item-object-page menu-item-2755 awb-menu__li awb-menu__main-li awb-menu__main-li_regular\"  data-item-id=\"2755\"><span class=\"awb-menu__main-background-default awb-menu__main-background-default_fade\"><\/span><span class=\"awb-menu__main-background-active awb-menu__main-background-active_fade\"><\/span><a  href=\"https:\/\/asmetalas.com.tr\/vasifli-celik\/ck45-levhalar\/\" class=\"awb-menu__main-a awb-menu__main-a_regular fusion-flex-link\"><span class=\"awb-menu__i awb-menu__i_main fusion-megamenu-icon\"><i class=\"glyphicon fa-arrow-alt-circle-right fas\" aria-hidden=\"true\"><\/i><\/span><span class=\"menu-text\">CK45 Sheets<\/span><\/a><\/li><li  id=\"menu-item-2762\"  class=\"menu-item menu-item-type-post_type menu-item-object-page menu-item-2762 awb-menu__li awb-menu__main-li awb-menu__main-li_regular\"  data-item-id=\"2762\"><span class=\"awb-menu__main-background-default awb-menu__main-background-default_fade\"><\/span><span class=\"awb-menu__main-background-active awb-menu__main-background-active_fade\"><\/span><a  href=\"https:\/\/asmetalas.com.tr\/vasifli-celik\/testereler\/\" class=\"awb-menu__main-a awb-menu__main-a_regular fusion-flex-link\"><span class=\"awb-menu__i awb-menu__i_main fusion-megamenu-icon\"><i class=\"glyphicon fa-arrow-alt-circle-right fas\" aria-hidden=\"true\"><\/i><\/span><span class=\"menu-text\">Saws<\/span><\/a><\/li><\/ul><\/nav><\/div><\/div><div class=\"fusion-layout-column fusion_builder_column fusion-builder-column-1 fusion_builder_column_3_5 3_5 fusion-flex-column fusion-animated\" style=\"--awb-padding-bottom:445px;--awb-padding-bottom-small:240px;--awb-bg-size:cover;--awb-width-large:60%;--awb-margin-top-large:0px;--awb-spacing-right-large:2.88%;--awb-margin-bottom-large:0px;--awb-spacing-left-large:3.2%;--awb-width-medium:60%;--awb-order-medium:0;--awb-spacing-right-medium:2.88%;--awb-spacing-left-medium:3.2%;--awb-width-small:100%;--awb-order-small:0;--awb-spacing-right-small:1.92%;--awb-margin-bottom-small:40px;--awb-spacing-left-small:1.92%;\" data-animationType=\"fadeInDown\" data-animationDuration=\"1.0\" data-animationDelay=\"1.0\" data-animationOffset=\"top-into-view\"><div class=\"awb-column__background-slider\" ><div class=\"awb-background-slider\" data-type=\"column\" data-loop=\"yes\" data-animation=\"fade\" data-slideshow-speed=\"800\" data-animation-speed=\"800\" data-direction=\"up\" style=\"--awb-image-position:50% 50%;\"><div class=\"swiper-wrapper\"><div class=\"swiper-slide\"><img decoding=\"async\" width=\"380\" height=\"260\" src=\"https:\/\/asmetalas.com.tr\/wp-content\/uploads\/2025\/07\/taslanmis-miller.jpg\" class=\"awb-background-slider__image\" alt=\"\" skip-lazyload=\"1\" srcset=\"https:\/\/asmetalas.com.tr\/wp-content\/uploads\/2025\/07\/taslanmis-miller-200x137.jpg 200w, https:\/\/asmetalas.com.tr\/wp-content\/uploads\/2025\/07\/taslanmis-miller-300x205.jpg 300w, https:\/\/asmetalas.com.tr\/wp-content\/uploads\/2025\/07\/taslanmis-miller.jpg 380w\" sizes=\"(max-width: 380px) 100vw, 380px\" \/><\/div><\/div><\/div><\/div><div class=\"fusion-column-wrapper fusion-column-has-shadow fusion-flex-justify-content-flex-start fusion-content-layout-column\"><div class=\"awb-column__content\"><\/div><\/div><\/div><div class=\"fusion-layout-column fusion_builder_column fusion-builder-column-2 fusion_builder_column_1_5 1_5 fusion-flex-column fusion-flex-align-self-stretch fusion-animated\" style=\"--awb-padding-top:40px;--awb-padding-right:7px;--awb-padding-bottom:91px;--awb-padding-left:7px;--awb-bg-color:var(--awb-color5);--awb-bg-color-hover:var(--awb-color5);--awb-bg-size:cover;--awb-width-large:20%;--awb-spacing-right-large:0%;--awb-margin-bottom-large:0px;--awb-spacing-left-large:0%;--awb-width-medium:20%;--awb-order-medium:0;--awb-spacing-right-medium:0%;--awb-spacing-left-medium:0%;--awb-width-small:100%;--awb-order-small:0;--awb-spacing-right-small:1.92%;--awb-spacing-left-small:1.92%;\" data-animationType=\"fadeInDown\" data-animationDuration=\"1.0\" data-animationDelay=\"1.5\" data-animationOffset=\"top-into-view\"><div class=\"fusion-column-wrapper fusion-column-has-shadow fusion-flex-justify-content-center fusion-content-layout-column\"><div class=\"fusion-title title fusion-title-1 fusion-sep-none fusion-title-center fusion-title-text fusion-title-size-three\" style=\"--awb-text-color:var(--awb-color1);--awb-margin-top-small:10px;--awb-margin-right-small:0px;--awb-margin-bottom-small:10px;--awb-margin-left-small:0px;--awb-font-size:34px;\"><h3 class=\"fusion-title-heading title-heading-center fusion-responsive-typography-calculated\" style=\"font-family:var(--awb-custom_typography_1-font-family);font-weight:var(--awb-custom_typography_1-font-weight);font-style:var(--awb-custom_typography_1-font-style);margin:0;letter-spacing:var(--awb-custom_typography_1-letter-spacing);text-transform:var(--awb-custom_typography_1-text-transform);font-size:1em;--fontSize:34;line-height:var(--awb-custom_typography_1-line-height);\">Ground Miller<\/h3><\/div><div class=\"fusion-separator\" style=\"align-self: center;margin-left: auto;margin-right: auto;margin-top:20px;margin-bottom:30px;width:100%;max-width:80px;\"><div class=\"fusion-separator-border sep-single sep-solid\" style=\"--awb-height:20px;--awb-amount:20px;--awb-sep-color:hsla(var(--awb-custom_color_1-h),var(--awb-custom_color_1-s),calc(var(--awb-custom_color_1-l) - 10%),var(--awb-custom_color_1-a));border-color:hsla(var(--awb-custom_color_1-h),var(--awb-custom_color_1-s),calc(var(--awb-custom_color_1-l) - 10%),var(--awb-custom_color_1-a));border-top-width:6px;\"><\/div><\/div><\/div><\/div><\/div><\/div>\n","protected":false},"excerpt":{"rendered":"","protected":false},"author":1,"featured_media":2975,"parent":3202,"menu_order":0,"comment_status":"closed","ping_status":"closed","template":"100-width.php","meta":{"footnotes":""},"class_list":["post-3291","page","type-page","status-publish","has-post-thumbnail","hentry"],"_links":{"self":[{"href":"https:\/\/asmetalas.com.tr\/en\/wp-json\/wp\/v2\/pages\/3291","targetHints":{"allow":["GET"]}}],"collection":[{"href":"https:\/\/asmetalas.com.tr\/en\/wp-json\/wp\/v2\/pages"}],"about":[{"href":"https:\/\/asmetalas.com.tr\/en\/wp-json\/wp\/v2\/types\/page"}],"author":[{"embeddable":true,"href":"https:\/\/asmetalas.com.tr\/en\/wp-json\/wp\/v2\/users\/1"}],"replies":[{"embeddable":true,"href":"https:\/\/asmetalas.com.tr\/en\/wp-json\/wp\/v2\/comments?post=3291"}],"version-history":[{"count":2,"href":"https:\/\/asmetalas.com.tr\/en\/wp-json\/wp\/v2\/pages\/3291\/revisions"}],"predecessor-version":[{"id":3293,"href":"https:\/\/asmetalas.com.tr\/en\/wp-json\/wp\/v2\/pages\/3291\/revisions\/3293"}],"up":[{"embeddable":true,"href":"https:\/\/asmetalas.com.tr\/en\/wp-json\/wp\/v2\/pages\/3202"}],"wp:featuredmedia":[{"embeddable":true,"href":"https:\/\/asmetalas.com.tr\/en\/wp-json\/wp\/v2\/media\/2975"}],"wp:attachment":[{"href":"https:\/\/asmetalas.com.tr\/en\/wp-json\/wp\/v2\/media?parent=3291"}],"curies":[{"name":"wp","href":"https:\/\/api.w.org\/{rel}","templated":true}]}}